{"id":90,"date":"2021-05-27T15:15:26","date_gmt":"2021-05-27T13:15:26","guid":{"rendered":"https:\/\/ggsk.sk\/?page_id=90"},"modified":"2026-03-20T08:51:14","modified_gmt":"2026-03-20T07:51:14","slug":"bevezetes","status":"publish","type":"page","link":"https:\/\/ggsk.sk\/hu\/","title":{"rendered":"Tev\u00e9kenys\u00e9g"},"content":{"rendered":"\r\n\r\n<section class=\"bg-farm bg-cover md:bg-contain bg-no-repeat bg-left-bottom overflow-hidden\">\r\n    <div class=\"px-8 pt-10 pb-20 mx-auto max-w-screen-2xl\">\r\n        <div class=\"grid grid-cols-1 md:grid-cols-2 md:gap-10\">\r\n            <div class=\"text-center md:text-right pb-10 md:py-20 space-y-8 lg:space-y-20\">\r\n                <span class=\"text-base md:text-3xl uppercase\">Term\u00e9nykereskedelem<\/span>\r\n                <h1 class=\"text-black text-4xl lg:text-7xl font-bold md:leading-tight\">Mez\u0151gazdas\u00e1gi term\u00e9nyek v\u00e9tele, \u00e9s elad\u00e1sa<\/h1>\r\n                <a class=\"inline-flex text-black bg-yellow font-bold px-8 py-4 rounded-full uppercase hover:text-white hover:bg-green hover:shadow-green\" href=\"#about-us\" target=\"_self\">R\u00e9szletek<\/a>\r\n            <\/div>\r\n            <div class=\"relative h-full md:-mr-32\">\r\n                <div class=\"aspect-w-5 aspect-h-4\">\r\n                    <img decoding=\"async\" class=\"lg:absolute lg:right-0 lg:h-full lg:w-auto lg:max-w-none\" loading=\"lazy\" src=\"https:\/\/ggsk.sk\/wp-content\/uploads\/granary-2.png\" alt=\"\">\r\n                <\/div>\r\n            <\/div>\r\n        <\/div>\r\n    <\/div>\r\n<\/section>\r\n\n\n\n<section id=\"about-us\" class=\"bg-cream\">\n    <div class=\"px-8 py-32 mx-auto max-w-screen-2xl\">\n        <div class=\"space-y-8\">\n            <h2 class=\"text-black text-5xl md:text-7xl font-bold\">R\u00f3lunk<\/h2>\n            <p class=\"max-w-6xl text-lg md:text-2xl\"><p class=\"max-w-6xl text-lg md:text-2xl\">GG Trade Slovakia s.r.o. k\u00f6zvetlen kapcsolatban seg\u00edti a Louis Dreyfus Company term\u00e9nykereskedelm\u00e9t a szlov\u00e1k piacon. A-f\u0151 tev\u00e9kenys\u00e9g\u00fcnk az olajosmag , \u00e9s a gabona kereskedelem. Az \u00e1llateny\u00e9szt\u00e9s r\u00e9sz\u00e9re feh\u00e9rje forr\u00e1st biztos\u00edtunk repce, napraforg\u00f3, \u00e9s sz\u00f3ja dara form\u00e1j\u00e1ban. Azonk\u00edv\u00fal elad\u00e1sra k\u00edn\u00e1lunk takarm\u00e1nyolajat , \u00e9s napraforg\u00f3 pelletet is bioenergetikai c\u00e9lokra.<\/p>\n<div class=\"md:flex items-center md:space-x-20\">\n<h3 class=\"text-black text-4xl font-bold\">Partnerek<\/h3>\n<div class=\"md:flex items-center md:space-x-20\">\n    <img decoding=\"async\" \n        src=\"https:\/\/ggsk.sk\/wp-content\/themes\/field\/assets\/images\/logo-ldc-reversed.svg\"\n        alt=\"Viterra\" \n        class=\"w-full md:w-96 h-auto\"\n    \/>\n<\/div>\n<\/p>\n                    <\/div>\n    <\/div>\n<\/section>\n\n\n\r\n<section id=\"services\" class=\"text-white bg-green-dark\">\r\n    <div class=\"px-8 py-32 mx-auto space-y-20 max-w-screen-2xl\">\r\n        <div class=\"space-y-10\">\r\n            <h2 class=\"text-5xl md:text-7xl font-bold\">Tev\u00e9kenys\u00e9g<\/h2>\r\n                            <div class=\"space-y-6\">\r\n                    <h3 class=\"text-4xl md:text-5xl font-bold\">V\u00e9tel<\/h3>\r\n                    <div class=\"grid md:grid-cols-3 gap-14\">\r\n                                                    <div x-data=\"{ show: false }\" class=\"relative aspect-w-5 aspect-h-4 rounded-2xl overflow-hidden transform transition-all duration-200 hover:scale-110\">\r\n                                <div class=\"absolute inset-0\">\r\n                                                                        <img decoding=\"async\" class=\"w-full h-full object-cover\" loading=\"lazy\" src=\"https:\/\/ggsk.sk\/wp-content\/uploads\/sunflowers-1.jpg\" alt=\"Slne\u010dnice\">\r\n                                    <div class=\"absolute inset-0 bg-gray-light mix-blend-multiply\"><\/div>\r\n                                <\/div>\r\n                                <div @mouseenter=\"show = true\" @mouseleave=\"show = false\" class=\"w-full h-full flex flex-col items-center justify-center text-center p-4\">\r\n                                    <h4 class=\"text-4xl font-bold\">Olajosmag<\/h4>\r\n                                                                            <ul x-show=\"show\" class=\"mt-10\">\r\n                                                                                    <li>Repce<\/li>\r\n                                                                                    <li>Napraforg\u00f3<\/li>\r\n                                                                                <\/ul>\r\n                                                                    <\/div>\r\n                            <\/div>\r\n                                                    <div x-data=\"{ show: false }\" class=\"relative aspect-w-5 aspect-h-4 rounded-2xl overflow-hidden transform transition-all duration-200 hover:scale-110\">\r\n                                <div class=\"absolute inset-0\">\r\n                                                                        <img decoding=\"async\" class=\"w-full h-full object-cover\" loading=\"lazy\" src=\"https:\/\/ggsk.sk\/wp-content\/uploads\/corn-2.jpg\" alt=\"Kukurica\">\r\n                                    <div class=\"absolute inset-0 bg-gray-light mix-blend-multiply\"><\/div>\r\n                                <\/div>\r\n                                <div @mouseenter=\"show = true\" @mouseleave=\"show = false\" class=\"w-full h-full flex flex-col items-center justify-center text-center p-4\">\r\n                                    <h4 class=\"text-4xl font-bold\">Gabon\u00e1k<\/h4>\r\n                                                                            <ul x-show=\"show\" class=\"mt-10\">\r\n                                                                                    <li>Kukorica<\/li>\r\n                                                                                    <li>Takarm\u00e1ny, \u00e9s malmi b\u00faza<\/li>\r\n                                                                                    <li>Takarm\u00e1ny \u00e1rpa<\/li>\r\n                                                                                <\/ul>\r\n                                                                    <\/div>\r\n                            <\/div>\r\n                                                    <div x-data=\"{ show: false }\" class=\"relative aspect-w-5 aspect-h-4 rounded-2xl overflow-hidden transform transition-all duration-200 hover:scale-110\">\r\n                                <div class=\"absolute inset-0\">\r\n                                                                        <img decoding=\"async\" class=\"w-full h-full object-cover\" loading=\"lazy\" src=\"https:\/\/ggsk.sk\/wp-content\/uploads\/corn-1.jpg\" alt=\"Zrno\">\r\n                                    <div class=\"absolute inset-0 bg-gray-light mix-blend-multiply\"><\/div>\r\n                                <\/div>\r\n                                <div @mouseenter=\"show = true\" @mouseleave=\"show = false\" class=\"w-full h-full flex flex-col items-center justify-center text-center p-4\">\r\n                                    <h4 class=\"text-4xl font-bold\">H\u00fcvelyesek<\/h4>\r\n                                                                            <ul x-show=\"show\" class=\"mt-10\">\r\n                                                                                    <li>Sz\u00f3ja bab<\/li>\r\n                                                                                <\/ul>\r\n                                                                    <\/div>\r\n                            <\/div>\r\n                                            <\/div>\r\n                <\/div>\r\n                            <div class=\"space-y-6\">\r\n                    <h3 class=\"text-4xl md:text-5xl font-bold\">Elad\u00e1s<\/h3>\r\n                    <div class=\"grid md:grid-cols-3 gap-14\">\r\n                                                    <div x-data=\"{ show: false }\" class=\"relative aspect-w-5 aspect-h-4 rounded-2xl overflow-hidden transform transition-all duration-200 hover:scale-110\">\r\n                                <div class=\"absolute inset-0\">\r\n                                                                        <img decoding=\"async\" class=\"w-full h-full object-cover\" loading=\"lazy\" src=\"https:\/\/ggsk.sk\/wp-content\/uploads\/oil-1.jpg\" alt=\"Olej\">\r\n                                    <div class=\"absolute inset-0 bg-gray-light mix-blend-multiply\"><\/div>\r\n                                <\/div>\r\n                                <div @mouseenter=\"show = true\" @mouseleave=\"show = false\" class=\"w-full h-full flex flex-col items-center justify-center text-center p-4\">\r\n                                    <h4 class=\"text-4xl font-bold\">N\u00f6v\u00e9nyi olajok<\/h4>\r\n                                                                            <ul x-show=\"show\" class=\"mt-10\">\r\n                                                                                    <li>Repce olaj<\/li>\r\n                                                                                    <li>Napraforg\u00f3 olaj<\/li>\r\n                                                                                <\/ul>\r\n                                                                    <\/div>\r\n                            <\/div>\r\n                                                    <div x-data=\"{ show: false }\" class=\"relative aspect-w-5 aspect-h-4 rounded-2xl overflow-hidden transform transition-all duration-200 hover:scale-110\">\r\n                                <div class=\"absolute inset-0\">\r\n                                                                        <img decoding=\"async\" class=\"w-full h-full object-cover\" loading=\"lazy\" src=\"https:\/\/ggsk.sk\/wp-content\/uploads\/cows-1.jpg\" alt=\"Kravy\">\r\n                                    <div class=\"absolute inset-0 bg-gray-light mix-blend-multiply\"><\/div>\r\n                                <\/div>\r\n                                <div @mouseenter=\"show = true\" @mouseleave=\"show = false\" class=\"w-full h-full flex flex-col items-center justify-center text-center p-4\">\r\n                                    <h4 class=\"text-4xl font-bold\">Feh\u00e9rje forr\u00e1s az \u00e1llatteny\u00e9szt\u00e9s r\u00e9sz\u00e9re<\/h4>\r\n                                                                            <ul x-show=\"show\" class=\"mt-10\">\r\n                                                                                    <li>Repce dara<\/li>\r\n                                                                                    <li>Napraforg\u00f3 dara<\/li>\r\n                                                                                    <li>Sz\u00f3ja dara<\/li>\r\n                                                                                <\/ul>\r\n                                                                    <\/div>\r\n                            <\/div>\r\n                                            <\/div>\r\n                <\/div>\r\n                    <\/div>\r\n        <div class=\"md:flex items-center justify-between text-center md:text-left space-y-8 md:space-y-0\">\r\n            <h3 class=\"text-4xl md:text-7xl font-bold\">Szeretne vel\u00fcnk egy\u00fcttm\u0171k\u00f6dni?<\/h3>\r\n                        <a class=\"inline-flex text-black bg-yellow font-bold px-8 py-4 rounded-full uppercase hover:text-white hover:bg-green hover:shadow-green\" href=\"#contact\" target=\"_self\">Igen<\/a>\r\n        <\/div>\r\n    <\/div>\r\n<\/section>\r\n\n\n\r\n\r\n    <section id=\"blog\" class=\"bg-farm bg-no-repeat bg-right-bottom\">\r\n        <div class=\"px-8 py-20 mx-auto max-w-screen-2xl\">\r\n                            <div id=\"slide\" class=\"grid md:grid-cols-2 gap-10\">\r\n                    <div class=\"aspect-w-1 aspect-h-1 md:aspect-w-5 md:aspect-h-6 md:-my-32\">\r\n                        <img decoding=\"async\" class=\"object-cover rounded-4xl\" loading=\"lazy\" src=\"https:\/\/ggsk.sk\/wp-content\/uploads\/field-1.jpg\" alt=\"Pole\">\r\n                    <\/div>\r\n                    <div class=\"md:pl-28 md:text-right\">\r\n                        <span class=\"text-xl md:text-3xl uppercase\">Blog<\/span>\r\n                        <h2 class=\"text-black text-5xl md:text-7xl font-bold md:leading-tight\">A szlov\u00e1k term\u00e9ny&shy;kereskedelem kiz\u00e1r\u00f3lag a Viterra r\u00e9sz\u00e9re t\u00f6rt\u00e9nik<\/h2>\r\n                        <div class=\"my-10\">A Viterra vil\u00e1g \u00e9lvonal\u00e1hoz tartozik a mez\u0151gazdas\u00e1gi \u00e1ruk \u00e9s term\u00e9kek felv\u00e1s\u00e1rl\u00e1sa, kezel\u00e9se, feldolgoz\u00e1sa \u00e9s forgalmaz\u00e1sa ter\u00e9n&#8230;<\/div>\r\n                        <a class=\"inline-flex text-black bg-yellow font-bold px-8 py-4 rounded-full uppercase hover:text-white hover:bg-green hover:shadow-green\" href=\"https:\/\/ggsk.sk\/hu\/aszlovak-termenykereskedelem-kizarolag-aviterra-reszere-tortenik\/\">A cikk megjelen\u00edt\u00e9se<\/a>\r\n                    <\/div>\r\n                <\/div>\r\n                        <div class=\"flex justify-end mt-10\">\r\n                <div class=\"flex space-x-8\">\r\n                                            <svg id=\"dot\" onclick=\"currentSlide(1)\" class=\"w-3 h-3 text-green cursor-pointer xl:w-4 xl:h-4\" xmlns=\"http:\/\/www.w3.org\/2000\/svg\" fill=\"currentColor\" viewBox=\"0 0 20 20\">\r\n                            <circle cx=\"10\" cy=\"10\" r=\"10\" \/>\r\n                        <\/svg>\r\n                                    <\/div>\r\n            <\/div>\r\n        <\/div>\r\n    <\/section>\r\n    <script>\r\n        let slideIndex = 1;\r\n        showSlide(slideIndex);\r\n\r\n        function currentSlide(index) {\r\n            showSlide(slideIndex = index);\r\n        }\r\n\r\n        function showSlide(index) {\r\n            let slides = document.querySelectorAll('#slide');\r\n            let dots = document.querySelectorAll('#dot');\r\n\r\n            if (index > slides.length) {\r\n                slideIndex = 1;\r\n            }\r\n\r\n            if (index < 1) {\r\n                slideIndex = slides.length;\r\n            }\r\n\r\n            slides.forEach(element => {\r\n                element.style.display = 'none';\r\n            });\r\n\r\n            dots.forEach(element => {\r\n                element.style.opacity = 0.5;\r\n            });\r\n\r\n            slides[slideIndex - 1].style.display = 'grid';\r\n            dots[slideIndex - 1].style.opacity = 1;\r\n        }\r\n    <\/script>\r\n\n\n\r\n<section id=\"contact\" class=\"bg-cream\">\r\n    <div class=\"px-8 py-20 md:py-40 mx-auto space-y-10 max-w-screen-2xl\">\r\n        <div>\r\n            <h2 class=\"text-black text-5xl md:text-7xl font-bold\">Kapcsolat felv\u00e9tel<\/h2>\r\n            <p>L\u00e9pjen kapcsolatba vel\u00fcnk<\/p>\r\n        <\/div>\r\n        \n<div class=\"wpcf7 no-js\" id=\"wpcf7-f82-o1\" lang=\"hu-HU\" dir=\"ltr\" data-wpcf7-id=\"82\">\n<div class=\"screen-reader-response\"><p role=\"status\" aria-live=\"polite\" aria-atomic=\"true\"><\/p> <ul><\/ul><\/div>\n<form action=\"\/hu\/wp-json\/wp\/v2\/pages\/90#wpcf7-f82-o1\" method=\"post\" class=\"wpcf7-form init\" aria-label=\"Kapcsolatfelv\u00e9teli \u0171rlap\" novalidate=\"novalidate\" data-status=\"init\">\n<fieldset class=\"hidden-fields-container\"><input type=\"hidden\" name=\"_wpcf7\" value=\"82\" \/><input type=\"hidden\" name=\"_wpcf7_version\" value=\"6.1.5\" \/><input type=\"hidden\" name=\"_wpcf7_locale\" value=\"hu_HU\" \/><input type=\"hidden\" name=\"_wpcf7_unit_tag\" value=\"wpcf7-f82-o1\" \/><input type=\"hidden\" name=\"_wpcf7_container_post\" value=\"0\" \/><input type=\"hidden\" name=\"_wpcf7_posted_data_hash\" value=\"\" \/><input type=\"hidden\" name=\"_wpcf7_recaptcha_response\" value=\"\" \/>\n<\/fieldset>\n<div class=\"grid grid-cols-1 md:grid-cols-3 gap-y-4 md:gap-10\">\n\t<div class=\"flex flex-col md:justify-between gap-4 md:gap-0\">\n\t\t<p><span class=\"wpcf7-form-control-wrap\" data-name=\"name-input\"><input size=\"40\" maxlength=\"400\" class=\"wpcf7-form-control wpcf7-text wpcf7-validates-as-required form-input\" aria-required=\"true\" aria-invalid=\"false\" placeholder=\"Teljes n\u00e9v\" value=\"\" type=\"text\" name=\"name-input\" \/><\/span><span class=\"wpcf7-form-control-wrap\" data-name=\"company-input\"><input size=\"40\" maxlength=\"400\" class=\"wpcf7-form-control wpcf7-text form-input\" aria-invalid=\"false\" placeholder=\"A c\u00e9g neve\" value=\"\" type=\"text\" name=\"company-input\" \/><\/span><span class=\"wpcf7-form-control-wrap\" data-name=\"email-input\"><input size=\"40\" maxlength=\"400\" class=\"wpcf7-form-control wpcf7-email wpcf7-validates-as-required wpcf7-text wpcf7-validates-as-email form-input\" aria-required=\"true\" aria-invalid=\"false\" placeholder=\"Email\" value=\"\" type=\"email\" name=\"email-input\" \/><\/span><span class=\"wpcf7-form-control-wrap\" data-name=\"phone-input\"><input size=\"40\" maxlength=\"400\" class=\"wpcf7-form-control wpcf7-tel wpcf7-validates-as-required wpcf7-text wpcf7-validates-as-tel form-input\" aria-required=\"true\" aria-invalid=\"false\" placeholder=\"Telefon sz\u00e1m\" value=\"\" type=\"tel\" name=\"phone-input\" \/><\/span>\n\t\t<\/p>\n\t<\/div>\n\t<div class=\"col-span-2\">\n\t\t<p><span class=\"wpcf7-form-control-wrap\" data-name=\"message-input\"><textarea cols=\"40\" rows=\"10\" maxlength=\"2000\" class=\"wpcf7-form-control wpcf7-textarea wpcf7-validates-as-required form-textarea\" aria-required=\"true\" aria-invalid=\"false\" placeholder=\"\u00dczenet\" name=\"message-input\"><\/textarea><\/span>\n\t\t<\/p>\n\t<\/div>\n<\/div>\n<div class=\"float-right transform translate-x-4 -translate-y-1\/2\">\n\t<p><input class=\"wpcf7-form-control wpcf7-submit has-spinner form-button\" type=\"submit\" value=\"\u00dczenet k\u00fcld\u00e9se\" \/>\n\t<\/p>\n<\/div><div class=\"wpcf7-response-output\" aria-hidden=\"true\"><\/div>\n<\/form>\n<\/div>\n\n    <\/div>\r\n<\/section>\r\n\r\n<!-- <section id=\"contact\" class=\"bg-cream\">\r\n    <div class=\"px-8 py-20 md:py-40 mx-auto space-y-10 max-w-screen-2xl\">\r\n        <div>\r\n            <h2 class=\"text-black text-5xl md:text-7xl font-bold\">Heading<\/h2>\r\n            <p>Subheading<\/p>\r\n        <\/div>\r\n        <form action=\"\">\r\n            <div class=\"grid grid-cols-1 md:grid-cols-3 gap-y-4 md:gap-10\">\r\n                <div class=\"flex flex-col md:justify-between gap-4 md:gap-0\">\r\n                    <input class=\"form-input\" type=\"text\" name=\"name\" id=\"name\" placeholder=\"Name\" autocomplete=\"name\">\r\n                    <input class=\"form-input\" type=\"text\" name=\"company\" id=\"company\" placeholder=\"Company\">\r\n                    <input class=\"form-input\" type=\"email\" name=\"email\" id=\"email\" placeholder=\"Email\" autocomplete=\"email\">\r\n                    <input class=\"form-input\" type=\"tel\" name=\"phone\" id=\"phone\" placeholder=\"Phone\" autocomplete=\"tel\">\r\n                <\/div>\r\n                <div class=\"col-span-2\">\r\n                    <textarea class=\"form-textarea\" name=\"message\" id=\"message\" placeholder=\"Message\" cols=\"30\" rows=\"10\"><\/textarea>\r\n                <\/div>\r\n            <\/div>\r\n            <div class=\"float-right transform translate-x-4 -translate-y-1\/2\">\r\n                <button class=\"form-button\" type=\"submit\">Send<\/button>\r\n            <\/div>\r\n        <\/form>\r\n    <\/div>\r\n<\/section> -->\r\n","protected":false},"excerpt":{"rendered":"","protected":false},"author":1,"featured_media":0,"parent":0,"menu_order":1,"comment_status":"closed","ping_status":"closed","template":"","meta":{"footnotes":""},"class_list":["post-90","page","type-page","status-publish","hentry"],"yoast_head":"<!-- This site is optimized with the Yoast SEO plugin v27.4 - https:\/\/yoast.com\/product\/yoast-seo-wordpress\/ -->\n<title>Tev\u00e9kenys\u00e9g - GG Trade<\/title>\n<meta name=\"robots\" content=\"index, follow, max-snippet:-1, max-image-preview:large, max-video-preview:-1\" \/>\n<link rel=\"canonical\" href=\"https:\/\/ggsk.sk\/hu\/\" \/>\n<meta property=\"og:locale\" content=\"hu_HU\" \/>\n<meta property=\"og:type\" content=\"article\" \/>\n<meta property=\"og:title\" content=\"Tev\u00e9kenys\u00e9g - GG Trade\" \/>\n<meta property=\"og:url\" content=\"https:\/\/ggsk.sk\/hu\/\" \/>\n<meta property=\"og:site_name\" content=\"GG Trade\" \/>\n<meta property=\"article:modified_time\" content=\"2026-03-20T07:51:14+00:00\" \/>\n<meta property=\"og:image\" content=\"https:\/\/ggsk.sk\/wp-content\/uploads\/open-graph.jpg\" \/>\n\t<meta property=\"og:image:width\" content=\"1920\" \/>\n\t<meta property=\"og:image:height\" content=\"1008\" \/>\n\t<meta property=\"og:image:type\" content=\"image\/jpeg\" \/>\n<meta name=\"twitter:card\" content=\"summary_large_image\" \/>\n<script type=\"application\/ld+json\" class=\"yoast-schema-graph\">{\"@context\":\"https:\\\/\\\/schema.org\",\"@graph\":[{\"@type\":\"WebPage\",\"@id\":\"https:\\\/\\\/ggsk.sk\\\/hu\\\/\",\"url\":\"https:\\\/\\\/ggsk.sk\\\/hu\\\/\",\"name\":\"Tev\u00e9kenys\u00e9g - GG Trade\",\"isPartOf\":{\"@id\":\"https:\\\/\\\/ggsk.sk\\\/#website\"},\"datePublished\":\"2021-05-27T13:15:26+00:00\",\"dateModified\":\"2026-03-20T07:51:14+00:00\",\"breadcrumb\":{\"@id\":\"https:\\\/\\\/ggsk.sk\\\/hu\\\/#breadcrumb\"},\"inLanguage\":\"hu\",\"potentialAction\":[{\"@type\":\"ReadAction\",\"target\":[\"https:\\\/\\\/ggsk.sk\\\/hu\\\/\"]}]},{\"@type\":\"BreadcrumbList\",\"@id\":\"https:\\\/\\\/ggsk.sk\\\/hu\\\/#breadcrumb\",\"itemListElement\":[{\"@type\":\"ListItem\",\"position\":1,\"name\":\"Domovsk\u00e1 str\u00e1nka\",\"item\":\"https:\\\/\\\/ggsk.sk\\\/hu\\\/\"},{\"@type\":\"ListItem\",\"position\":2,\"name\":\"Tev\u00e9kenys\u00e9g\"}]},{\"@type\":\"WebSite\",\"@id\":\"https:\\\/\\\/ggsk.sk\\\/#website\",\"url\":\"https:\\\/\\\/ggsk.sk\\\/\",\"name\":\"GG Trade\",\"description\":\"\",\"publisher\":{\"@id\":\"https:\\\/\\\/ggsk.sk\\\/#organization\"},\"potentialAction\":[{\"@type\":\"SearchAction\",\"target\":{\"@type\":\"EntryPoint\",\"urlTemplate\":\"https:\\\/\\\/ggsk.sk\\\/?s={search_term_string}\"},\"query-input\":{\"@type\":\"PropertyValueSpecification\",\"valueRequired\":true,\"valueName\":\"search_term_string\"}}],\"inLanguage\":\"hu\"},{\"@type\":\"Organization\",\"@id\":\"https:\\\/\\\/ggsk.sk\\\/#organization\",\"name\":\"GG Trade\",\"url\":\"https:\\\/\\\/ggsk.sk\\\/\",\"logo\":{\"@type\":\"ImageObject\",\"inLanguage\":\"hu\",\"@id\":\"https:\\\/\\\/ggsk.sk\\\/#\\\/schema\\\/logo\\\/image\\\/\",\"url\":\"https:\\\/\\\/ggsk.sk\\\/wp-content\\\/uploads\\\/cropped-favicon.png\",\"contentUrl\":\"https:\\\/\\\/ggsk.sk\\\/wp-content\\\/uploads\\\/cropped-favicon.png\",\"width\":512,\"height\":512,\"caption\":\"GG Trade\"},\"image\":{\"@id\":\"https:\\\/\\\/ggsk.sk\\\/#\\\/schema\\\/logo\\\/image\\\/\"}}]}<\/script>\n<!-- \/ Yoast SEO plugin. -->","yoast_head_json":{"title":"Tev\u00e9kenys\u00e9g - GG Trade","robots":{"index":"index","follow":"follow","max-snippet":"max-snippet:-1","max-image-preview":"max-image-preview:large","max-video-preview":"max-video-preview:-1"},"canonical":"https:\/\/ggsk.sk\/hu\/","og_locale":"hu_HU","og_type":"article","og_title":"Tev\u00e9kenys\u00e9g - GG Trade","og_url":"https:\/\/ggsk.sk\/hu\/","og_site_name":"GG Trade","article_modified_time":"2026-03-20T07:51:14+00:00","og_image":[{"width":1920,"height":1008,"url":"https:\/\/ggsk.sk\/wp-content\/uploads\/open-graph.jpg","type":"image\/jpeg"}],"twitter_card":"summary_large_image","schema":{"@context":"https:\/\/schema.org","@graph":[{"@type":"WebPage","@id":"https:\/\/ggsk.sk\/hu\/","url":"https:\/\/ggsk.sk\/hu\/","name":"Tev\u00e9kenys\u00e9g - GG Trade","isPartOf":{"@id":"https:\/\/ggsk.sk\/#website"},"datePublished":"2021-05-27T13:15:26+00:00","dateModified":"2026-03-20T07:51:14+00:00","breadcrumb":{"@id":"https:\/\/ggsk.sk\/hu\/#breadcrumb"},"inLanguage":"hu","potentialAction":[{"@type":"ReadAction","target":["https:\/\/ggsk.sk\/hu\/"]}]},{"@type":"BreadcrumbList","@id":"https:\/\/ggsk.sk\/hu\/#breadcrumb","itemListElement":[{"@type":"ListItem","position":1,"name":"Domovsk\u00e1 str\u00e1nka","item":"https:\/\/ggsk.sk\/hu\/"},{"@type":"ListItem","position":2,"name":"Tev\u00e9kenys\u00e9g"}]},{"@type":"WebSite","@id":"https:\/\/ggsk.sk\/#website","url":"https:\/\/ggsk.sk\/","name":"GG Trade","description":"","publisher":{"@id":"https:\/\/ggsk.sk\/#organization"},"potentialAction":[{"@type":"SearchAction","target":{"@type":"EntryPoint","urlTemplate":"https:\/\/ggsk.sk\/?s={search_term_string}"},"query-input":{"@type":"PropertyValueSpecification","valueRequired":true,"valueName":"search_term_string"}}],"inLanguage":"hu"},{"@type":"Organization","@id":"https:\/\/ggsk.sk\/#organization","name":"GG Trade","url":"https:\/\/ggsk.sk\/","logo":{"@type":"ImageObject","inLanguage":"hu","@id":"https:\/\/ggsk.sk\/#\/schema\/logo\/image\/","url":"https:\/\/ggsk.sk\/wp-content\/uploads\/cropped-favicon.png","contentUrl":"https:\/\/ggsk.sk\/wp-content\/uploads\/cropped-favicon.png","width":512,"height":512,"caption":"GG Trade"},"image":{"@id":"https:\/\/ggsk.sk\/#\/schema\/logo\/image\/"}}]}},"_links":{"self":[{"href":"https:\/\/ggsk.sk\/hu\/wp-json\/wp\/v2\/pages\/90","targetHints":{"allow":["GET"]}}],"collection":[{"href":"https:\/\/ggsk.sk\/hu\/wp-json\/wp\/v2\/pages"}],"about":[{"href":"https:\/\/ggsk.sk\/hu\/wp-json\/wp\/v2\/types\/page"}],"author":[{"embeddable":true,"href":"https:\/\/ggsk.sk\/hu\/wp-json\/wp\/v2\/users\/1"}],"replies":[{"embeddable":true,"href":"https:\/\/ggsk.sk\/hu\/wp-json\/wp\/v2\/comments?post=90"}],"version-history":[{"count":0,"href":"https:\/\/ggsk.sk\/hu\/wp-json\/wp\/v2\/pages\/90\/revisions"}],"wp:attachment":[{"href":"https:\/\/ggsk.sk\/hu\/wp-json\/wp\/v2\/media?parent=90"}],"curies":[{"name":"wp","href":"https:\/\/api.w.org\/{rel}","templated":true}]}}